{"id":1001,"date":"2022-08-09T07:56:47","date_gmt":"2022-08-09T07:56:47","guid":{"rendered":"https:\/\/dev.wobo.de\/?page_id=1001"},"modified":"2022-12-01T13:07:07","modified_gmt":"2022-12-01T13:07:07","slug":"diesdas","status":"publish","type":"page","link":"https:\/\/wobo.de\/index.php\/diesdas\/","title":{"rendered":"Dies&#038;Das"},"content":{"rendered":"\t\t<div data-elementor-type=\"wp-post\" data-elementor-id=\"1001\" class=\"elementor elementor-1001\" data-elementor-post-type=\"page\">\n\t\t\t\t\t\t<section class=\"elementor-section elementor-top-section elementor-element elementor-element-5b92515 elementor-section-boxed elementor-section-height-default elementor-section-height-default\" data-id=\"5b92515\" data-element_type=\"section\">\n\t\t\t\t\t\t<div class=\"elementor-container elementor-column-gap-default\">\n\t\t\t\t\t<div class=\"elementor-column elementor-col-100 elementor-top-column elementor-element elementor-element-39aadba\" data-id=\"39aadba\" data-element_type=\"column\">\n\t\t\t<div class=\"elementor-widget-wrap elementor-element-populated\">\n\t\t\t\t\t\t<div class=\"elementor-element elementor-element-09a665f elementor-widget elementor-widget-heading\" data-id=\"09a665f\" data-element_type=\"widget\" data-widget_type=\"heading.default\">\n\t\t\t\t<div class=\"elementor-widget-container\">\n\t\t\t\t\t<h6 class=\"elementor-heading-title elementor-size-default\">Wolfgang Bosbach<\/h6>\t\t\t\t<\/div>\n\t\t\t\t<\/div>\n\t\t\t\t<div class=\"elementor-element elementor-element-6485945 elementor-widget elementor-widget-heading\" data-id=\"6485945\" data-element_type=\"widget\" data-widget_type=\"heading.default\">\n\t\t\t\t<div class=\"elementor-widget-container\">\n\t\t\t\t\t<h2 class=\"elementor-heading-title elementor-size-default\">24 Fragen an Wolfgang Bosbach<\/h2>\t\t\t\t<\/div>\n\t\t\t\t<\/div>\n\t\t\t\t<div class=\"elementor-element elementor-element-22b8541 elementor-widget elementor-widget-heading\" data-id=\"22b8541\" data-element_type=\"widget\" data-widget_type=\"heading.default\">\n\t\t\t\t<div class=\"elementor-widget-container\">\n\t\t\t\t\t<h6 class=\"elementor-heading-title elementor-size-default\">Wolfgang Bosbach stand f\u00fcr den FOCUS FRAGEBOGEN Rede und Antwort.<\/h6>\t\t\t\t<\/div>\n\t\t\t\t<\/div>\n\t\t\t\t<div class=\"elementor-element elementor-element-1674f90 elementor-widget elementor-widget-text-editor\" data-id=\"1674f90\" data-element_type=\"widget\" data-widget_type=\"text-editor.default\">\n\t\t\t\t<div class=\"elementor-widget-container\">\n\t\t\t\t\t\t\t\t\t<p class=\"documentDescription\"><strong style=\"font-style: inherit; background-color: var(--ast-global-color-4); color: var(--ast-global-color-3);\">Was gef\u00e4llt Ihnen an sich besonders?<\/strong><\/p><div id=\"parent-fieldname-text\" class=\"\"><p>Ich nehme mich nicht wichtiger, als ich bin.<\/p><p><strong>Welches politische Projekt w\u00fcrden Sie beschleunigt wissen wollen?<\/strong><br \/>Ein stabiler und dauerhafter Frieden im Nahen Osten.<\/p><p><strong>Was treibt Sie an?<\/strong><br \/>Meine Verantwortung in Staat und Gesellschaft und vor allem denjenigen gegen\u00fcber, die mir in Wahlen Vertrauen schenken.<\/p><p><strong>Wem w\u00fcrden Sie mit welcher Begr\u00fcndung einen Orden verleihen?<\/strong><br \/>Else und Alfred Bosbach. Als Dank f\u00fcr eine wundersch\u00f6ne, gl\u00fcckliche Jugend- und ihre gro\u00dfe Geduld mit mir.<\/p><p><strong>Auf welche eigene Leistung sind Sie besonders stolz?<\/strong><br \/>Auf Caroline, Natalie und Viktoria! Aber auch darauf, ein Tennis- Match nach einem 0:6, 0:5 und 15:40 noch gewonnen zu haben.<\/p><p><strong>Als Kind wollten Sie sein wie&#8230;?<\/strong><br \/>&#8230;eine Mischung aus Old Shatterhand und Hans Sch\u00e4fer.<\/p><p><strong>Wie k\u00f6nnen Sie am besten entspannen?<\/strong><br \/>In der Sauna oder an einem einsamen Strand mit einem guten Krimi.<\/p><p><strong>Was ist f\u00fcr Sie eine Versuchung?<\/strong><br \/>Sommer, Sonne, Stra\u00dfencaf\u00e9, Spaghetti- Eis.<\/p><p><strong>Was war Ihr sch\u00f6nster Lustkauf?<\/strong><br \/>Ein quietschend gelber Opel Manta A (aber ohne Fuchsschwanz). An mir liegt die Opel- Krise also wirklich nicht.<\/p><p><strong>Welches Lied singen Sie gern?<\/strong><br \/>&#8222;Mer stonn zo Dir, FC K\u00f6lle&#8220; (H\u00f6hner), &#8222;Du bes die Stadt&#8220; (Bl\u00e4ck F\u00f6\u00f6ss), &#8222;Mir sin K\u00f6lsche us K\u00f6lle am Rhing&#8220; (Paveier).<\/p><p><strong>Schenken Sie uns eine Lebensweisheit&#8230;<\/strong><br \/>&#8222;Es gibt nichts Gutes, au\u00dfer man tut es!&#8220; (Erich K\u00e4stner).<\/p><p><strong>F\u00fcr welchen Maler w\u00fcrden Sie viel Geld ausgeben?<\/strong><br \/>Joan Mir\u00f3, Gerhard Richter, Edward Hopper.<\/p><p><strong>Wo h\u00e4tten Sie gern Ihren Zweitwohnsitz?<\/strong><br \/>An der C\u00f4te d\u00b4Azur. Mit Blick auf den K\u00f6lner Dom.<\/p><p><strong>Was k\u00f6nnen Sie besonders gut kochen?<\/strong><br \/>Kaffeewasser.<\/p><p><strong>Was w\u00e4re Ihre Henkersmahlzeit?<\/strong><br \/>Auf die Figur m\u00fcsste ich dann ja wohl nicht mehr achten: Schweinebraten, Kn\u00f6del, Sauerkraut, K\u00f6lsch.<\/p><p><strong>Mit wem w\u00fcrden Sie gern einen Monat lang tauschen?<\/strong><br \/>Rafael Nadal. So perfekt w\u00fcrde ich gern spielen k\u00f6nnen.<\/p><p><strong>Hier k\u00f6nnen Sie drei B\u00fccher loben&#8230;<\/strong><br \/>Die Bibel. Das Grundgesetz. Der Alchimist (Paulo Coelho).<\/p><p><strong>Wo bleiben Sie beim Zappen h\u00e4ngen?<\/strong><br \/>Bei (fast) jeder Sportart.<\/p><p><strong>Wo zappen Sie immer weg?<\/strong><br \/>Bei Reality- TV und den Krawall-Talk- Shows \u00e0 la &#8222;Hilfe, mein Staubsauger hat Migr\u00e4ne!&#8220;<\/p><p><strong>Ihre Lieblingsschauspielerin?<\/strong><br \/>Charlize Theron, Corinna Harfouch.<\/p><p><strong>Ihr Lieblingsschauspieler?<\/strong><br \/>Kevin Spacey, Mario Adorf.<\/p><p><strong>Ihre Lieblingsfigur in der Geschichte?<\/strong><br \/>Jesus von Nazareth.<\/p><p><strong>Was sagt man Ihnen nach?<\/strong><br \/>Ich hoffe: &#8222;Eine Junge aus dem Leben!&#8220;.<\/p><p><strong>Was m\u00f6gen Sie an sich gar nicht?<\/strong><br \/>Meine R\u00fcckhand.<\/p><p>\u00a0<\/p><p><u>Quelle:<\/u> Focus, 20.04.2009<\/p><\/div>\t\t\t\t\t\t\t\t<\/div>\n\t\t\t\t<\/div>\n\t\t\t\t\t<\/div>\n\t\t<\/div>\n\t\t\t\t\t<\/div>\n\t\t<\/section>\n\t\t\t\t<\/div>\n\t\t","protected":false},"excerpt":{"rendered":"<p>Wolfgang Bosbach 24 Fragen an Wolfgang Bosbach Wolfgang Bosbach stand f\u00fcr den FOCUS FRAGEBOGEN Rede und Antwort. Was gef\u00e4llt Ihnen an sich besonders? Ich nehme mich nicht wichtiger, als ich bin. Welches politische Projekt w\u00fcrden Sie beschleunigt wissen wollen?Ein stabiler und dauerhafter Frieden im Nahen Osten. Was treibt Sie an?Meine Verantwortung in Staat und Gesellschaft [&hellip;]<\/p>\n","protected":false},"author":1,"featured_media":0,"parent":0,"menu_order":0,"comment_status":"closed","ping_status":"closed","template":"","meta":{"passster_activate_protection":false,"passster_protect_child_pages":"","passster_protection_type":"password","passster_password":"","passster_activate_overwrite_defaults":"","passster_headline":"","passster_instruction":"","passster_placeholder":"","passster_button":"","passster_id":"","passster_activate_misc_settings":"","passster_redirect_url":"","passster_hide":"no","passster_area_shortcode":"","site-sidebar-layout":"no-sidebar","site-content-layout":"page-builder","ast-site-content-layout":"default","site-content-style":"default","site-sidebar-style":"default","ast-global-header-display":"","ast-banner-title-visibility":"","ast-main-header-display":"","ast-hfb-above-header-display":"","ast-hfb-below-header-display":"","ast-hfb-mobile-header-display":"","site-post-title":"disabled","ast-breadcrumbs-content":"","ast-featured-img":"disabled","footer-sml-layout":"","theme-transparent-header-meta":"default","adv-header-id-meta":"","stick-header-meta":"","header-above-stick-meta":"","header-main-stick-meta":"","header-below-stick-meta":"","astra-migrate-meta-layouts":"default","ast-page-background-enabled":"default","ast-page-background-meta":{"desktop":{"background-color":"","background-image":"","background-repeat":"repeat","background-position":"center center","background-size":"auto","background-attachment":"scroll","background-type":"","background-media":"","overlay-type":"","overlay-color":"","overlay-opacity":"","overlay-gradient":""},"tablet":{"background-color":"","background-image":"","background-repeat":"repeat","background-position":"center center","background-size":"auto","background-attachment":"scroll","background-type":"","background-media":"","overlay-type":"","overlay-color":"","overlay-opacity":"","overlay-gradient":""},"mobile":{"background-color":"","background-image":"","background-repeat":"repeat","background-position":"center center","background-size":"auto","background-attachment":"scroll","background-type":"","background-media":"","overlay-type":"","overlay-color":"","overlay-opacity":"","overlay-gradient":""}},"ast-content-background-meta":{"desktop":{"background-color":"var(--ast-global-color-5)","background-image":"","background-repeat":"repeat","background-position":"center center","background-size":"auto","background-attachment":"scroll","background-type":"","background-media":"","overlay-type":"","overlay-color":"","overlay-opacity":"","overlay-gradient":""},"tablet":{"background-color":"var(--ast-global-color-5)","background-image":"","background-repeat":"repeat","background-position":"center center","background-size":"auto","background-attachment":"scroll","background-type":"","background-media":"","overlay-type":"","overlay-color":"","overlay-opacity":"","overlay-gradient":""},"mobile":{"background-color":"var(--ast-global-color-5)","background-image":"","background-repeat":"repeat","background-position":"center center","background-size":"auto","background-attachment":"scroll","background-type":"","background-media":"","overlay-type":"","overlay-color":"","overlay-opacity":"","overlay-gradient":""}},"footnotes":""},"folder":[],"class_list":["post-1001","page","type-page","status-publish","hentry"],"_links":{"self":[{"href":"https:\/\/wobo.de\/index.php\/wp-json\/wp\/v2\/pages\/1001","targetHints":{"allow":["GET"]}}],"collection":[{"href":"https:\/\/wobo.de\/index.php\/wp-json\/wp\/v2\/pages"}],"about":[{"href":"https:\/\/wobo.de\/index.php\/wp-json\/wp\/v2\/types\/page"}],"author":[{"embeddable":true,"href":"https:\/\/wobo.de\/index.php\/wp-json\/wp\/v2\/users\/1"}],"replies":[{"embeddable":true,"href":"https:\/\/wobo.de\/index.php\/wp-json\/wp\/v2\/comments?post=1001"}],"version-history":[{"count":54,"href":"https:\/\/wobo.de\/index.php\/wp-json\/wp\/v2\/pages\/1001\/revisions"}],"predecessor-version":[{"id":1825,"href":"https:\/\/wobo.de\/index.php\/wp-json\/wp\/v2\/pages\/1001\/revisions\/1825"}],"wp:attachment":[{"href":"https:\/\/wobo.de\/index.php\/wp-json\/wp\/v2\/media?parent=1001"}],"wp:term":[{"taxonomy":"folder","embeddable":true,"href":"https:\/\/wobo.de\/index.php\/wp-json\/wp\/v2\/folder?post=1001"}],"curies":[{"name":"wp","href":"https:\/\/api.w.org\/{rel}","templated":true}]}}