{"id":1862,"date":"2022-12-01T13:51:13","date_gmt":"2022-12-01T13:51:13","guid":{"rendered":"https:\/\/dev.wobo.de\/?page_id=1862"},"modified":"2022-12-01T14:00:38","modified_gmt":"2022-12-01T14:00:38","slug":"artikel-vdz-kennen-sie-vanessa-weber","status":"publish","type":"page","link":"https:\/\/wobo.de\/index.php\/artikel-vdz-kennen-sie-vanessa-weber\/","title":{"rendered":"Artikel-VDZ-Kennen Sie Vanessa Weber?"},"content":{"rendered":"\t\t<div data-elementor-type=\"wp-post\" data-elementor-id=\"1862\" class=\"elementor elementor-1862\" data-elementor-post-type=\"page\">\n\t\t\t\t\t\t<section class=\"elementor-section elementor-top-section elementor-element elementor-element-5b92515 elementor-section-boxed elementor-section-height-default elementor-section-height-default\" data-id=\"5b92515\" data-element_type=\"section\">\n\t\t\t\t\t\t<div class=\"elementor-container elementor-column-gap-default\">\n\t\t\t\t\t<div class=\"elementor-column elementor-col-100 elementor-top-column elementor-element elementor-element-39aadba\" data-id=\"39aadba\" data-element_type=\"column\">\n\t\t\t<div class=\"elementor-widget-wrap elementor-element-populated\">\n\t\t\t\t\t\t<div class=\"elementor-element elementor-element-09a665f elementor-widget elementor-widget-heading\" data-id=\"09a665f\" data-element_type=\"widget\" data-widget_type=\"heading.default\">\n\t\t\t\t<div class=\"elementor-widget-container\">\n\t\t\t\t\t<h6 class=\"elementor-heading-title elementor-size-default\">Wolfgang Bosbach<\/h6>\t\t\t\t<\/div>\n\t\t\t\t<\/div>\n\t\t\t\t<div class=\"elementor-element elementor-element-6485945 elementor-widget elementor-widget-heading\" data-id=\"6485945\" data-element_type=\"widget\" data-widget_type=\"heading.default\">\n\t\t\t\t<div class=\"elementor-widget-container\">\n\t\t\t\t\t<h2 class=\"elementor-heading-title elementor-size-default\">Kennen Sie Vanessa Weber?<\/h2>\t\t\t\t<\/div>\n\t\t\t\t<\/div>\n\t\t\t\t<div class=\"elementor-element elementor-element-22b8541 elementor-widget elementor-widget-heading\" data-id=\"22b8541\" data-element_type=\"widget\" data-widget_type=\"heading.default\">\n\t\t\t\t<div class=\"elementor-widget-container\">\n\t\t\t\t\t<h6 class=\"elementor-heading-title elementor-size-default\">Klimaproteste sind \u201enat\u00fcrlich gewaltfrei\u201c. Tats\u00e4chlich?\n<\/h6>\t\t\t\t<\/div>\n\t\t\t\t<\/div>\n\t\t\t\t<div class=\"elementor-element elementor-element-8d42864 elementor-widget elementor-widget-heading\" data-id=\"8d42864\" data-element_type=\"widget\" data-widget_type=\"heading.default\">\n\t\t\t\t<div class=\"elementor-widget-container\">\n\t\t\t\t\t<h6 class=\"elementor-heading-title elementor-size-default\">Sie kennen Vanessa Weber nicht? Eigentlich schade, aber auch kein Wunder, denn \u00fcber sie wird allenfalls in der Lokalzeitung berichtet \u2013 wenn \u00fcberhaupt. Vanessa Weber, eine junge Unternehmerin aus Aschaffenburg, ist eine Klima-Aktivistin im besten Sinne des Wortes!<\/h6>\t\t\t\t<\/div>\n\t\t\t\t<\/div>\n\t\t\t\t<div class=\"elementor-element elementor-element-12f9ade elementor-widget elementor-widget-heading\" data-id=\"12f9ade\" data-element_type=\"widget\" data-widget_type=\"heading.default\">\n\t\t\t\t<div class=\"elementor-widget-container\">\n\t\t\t\t\t<h6 class=\"elementor-heading-title elementor-size-default\"><a href=\"https:\/\/www.weser-kurier.de\/landkreis-diepholz\/gemeinde-stuhr\/wolfgang-bosbach-holt-in-stuhr-zum-gesellschaftlichen-rundumschlag-aus-doc7nnqhwxycyh14yntw22b\" target=\"_blank\">Vom 22.11.2022. <br \/>\nGeschrieben von Wolfgang Bosbach - auf vdz.org <br \/>\nHier gelangen Sie zur Seite des Originalartikels<\/a><\/h6>\t\t\t\t<\/div>\n\t\t\t\t<\/div>\n\t\t\t\t<div class=\"elementor-element elementor-element-1674f90 elementor-widget elementor-widget-text-editor\" data-id=\"1674f90\" data-element_type=\"widget\" data-widget_type=\"text-editor.default\">\n\t\t\t\t<div class=\"elementor-widget-container\">\n\t\t\t\t\t\t\t\t\t<p>Sie hat schon in jungen Jahren eine Stiftung gegr\u00fcndet, die sich schwerpunktm\u00e4\u00dfig den Themen Bildung und\u00a0Nachhaltigkeit widmet. Allerdings: Sie blockiert keine Stra\u00dfen- oder Schienenwege, bewirft nicht weltber\u00fchmte Kunstwerke mit irgendwelchen Suppen und kettet sich auch nirgendwo an.\u00a0 Sie will nur die Bildungschancen von jungen, benachteiligten Menschen f\u00f6rdern und k\u00fcmmert sich r\u00fchrend &#8211; und erfolgreich &#8211; um die Neuanpflanzung von B\u00e4umen. Aber da sie keinen \u00c4rger macht und die Allgemeinheit nicht mit irgendwelchen Aktionen maltr\u00e4tiert, ist sie journalistisch betrachtet offensichtlich irrelevant. Leider!<br \/>Ganz anders die sog. Klimaaktivisten, die Berlin, M\u00fcnchen und andere Orte seit geraumer Zeit mit Verkehrsblockaden, Angriffen auf Kunstwerke wie Bilder und Statuen und anderen Veranstaltungen in Atem halten. Nat\u00fcrlich immer im Dienst einer guten Sache (\u201eKlimaschutz\u201c) und selbstverst\u00e4ndlich 100% \u201egewaltfrei\u201c, wie unabl\u00e4ssig betont wird. Aber: Stimmt das wirklich?<\/p><h4><strong>Heiligt der Zweck die Mittel?<\/strong><\/h4><p>An dieser Stelle kann dahinstehen, ob diese Aktivisten\u00a0dadurch, dass sie sich mittels hochwirksamer Klebstoffe an Fahrbahnen festkleben (auch andere) Straftaten wie z.B. \u201eGef\u00e4hrliche Eingriffe in den Stra\u00dfenverkehr&#8220;, \u00a7 315 b StGB, oder \u201eBehinderung von hilfeleistenden Personen&#8220;, \u00a7 323 c StGB, begehen.\u00a0Konzentrieren wir uns einmal auf den \u00a7 240 StGB:\u00a0die \u201eN\u00f6tigung\u201c. Schutzgut der Vorschrift ist die \u201eFreiheit der Willensentschlie\u00dfung und Willensbet\u00e4tigung\u201c von nat\u00fcrlichen Personen. \u00a7 240 I StGB spricht bei den m\u00f6glichen Tathandlungen a) von der \u201eDrohung mit einem empfindlichen \u00dcbel\u201c und b) schlicht von der Anwendung von \u201eGewalt\u201c.<br \/>Zweifelsfrei d\u00fcrfte sein, dass durch eine mutwillig, d.h. vors\u00e4tzlich herbeigef\u00fchrte Verkehrsblockade, die Verkehrsteilnehmer gegen ihren Willen zum Anhalten gezwungen werden \u2013 aber geschieht das durch \u201eGewalt\u201c?<\/p><h4><strong>Gewalt contra Nachhaltigkeit<\/strong><\/h4><p>Wer das verneint vertritt m\u00f6glicherweise die Ansicht, dass \u201eGewalt\u201c die Anwendung von Kraftentfaltung, d.h. von k\u00f6rperlichen Anstrengungen voraussetzt und dass die Aktivisten sich doch blo\u00df hinsetzen und festkleben w\u00fcrden. Das allerdings sieht der weit \u00fcberwiegende Teil der Rechtsprechung und die hM in der jur. Literatur ganz anders. Bei Thomas Fischer, Strafgesetzbuch, zu \u00a7 240 Rdnr. 9 hei\u00dft es dazu kurz und b\u00fcndig: \u201e Zu den Wirkungsformen der Gewalt geh\u00f6ren nicht nur die beeinflussende, willensbeugende Gewalt (vis compulsiva) , die den Willen des Gen\u00f6tigten in eine bestimmte Wirkung treibt (hier: Sofort anhalten!), sondern auch die \u00fcberw\u00e4ltigende Gewalt (vis absoluta), die den Willen des Tatopfers v\u00f6llig ausschaltet, dem Opfer also die M\u00f6glichkeit, sich aus eigenem Willen entsprechend zu verhalten, g\u00e4nzlich nimmt.\u201c<br \/>Im Stra\u00dfenverkehr soll eine \u201eEinwirkung von gewi\u00dfer Dauer\u201c erforderlich sein, von der eine \u201ek\u00f6rperliche Zwangswirkung\u201c ausgeht. Die Behinderung m\u00fcsste nicht nur eine \u201eblo\u00dfe Folge\u201c r\u00fccksichtslosen Verhaltens, sondern dessen Zweck sein\u201c \u2013 so der BGH. Gerade bei mutwillig herbeigef\u00fchrten Stra\u00dfenblockaden d\u00fcrften nicht die Verkehrsteilnehmer zu \u201eObjekten der Selbstdarstellung der T\u00e4ter\u201c gemacht werden.<br \/>Alles (Rechts-) Ausf\u00fchrungen, die im Falle von Vanessa Webers Aktivit\u00e4ten irrelevant sind, sie hilft ganz unspektakul\u00e4r lernschwachen Sch\u00fclerinnen und Sch\u00fclern und pflanzt flei\u00dfig B\u00e4ume. Und dieser Aktivismus hilft der Natur tats\u00e4chlich. Und nachhaltig.<\/p>\t\t\t\t\t\t\t\t<\/div>\n\t\t\t\t<\/div>\n\t\t\t\t\t<\/div>\n\t\t<\/div>\n\t\t\t\t\t<\/div>\n\t\t<\/section>\n\t\t\t\t<\/div>\n\t\t","protected":false},"excerpt":{"rendered":"<p>Wolfgang Bosbach Kennen Sie Vanessa Weber? Klimaproteste sind \u201enat\u00fcrlich gewaltfrei\u201c. Tats\u00e4chlich? Sie kennen Vanessa Weber nicht? Eigentlich schade, aber auch kein Wunder, denn \u00fcber sie wird allenfalls in der Lokalzeitung berichtet \u2013 wenn \u00fcberhaupt. Vanessa Weber, eine junge Unternehmerin aus Aschaffenburg, ist eine Klima-Aktivistin im besten Sinne des Wortes! Vom 22.11.2022. Geschrieben von Wolfgang Bosbach [&hellip;]<\/p>\n","protected":false},"author":1,"featured_media":0,"parent":0,"menu_order":0,"comment_status":"closed","ping_status":"closed","template":"","meta":{"passster_activate_protection":false,"passster_protect_child_pages":"","passster_protection_type":"password","passster_password":"","passster_activate_overwrite_defaults":"","passster_headline":"","passster_instruction":"","passster_placeholder":"","passster_button":"","passster_id":"","passster_activate_misc_settings":"","passster_redirect_url":"","passster_hide":"no","passster_area_shortcode":"","site-sidebar-layout":"no-sidebar","site-content-layout":"page-builder","ast-site-content-layout":"default","site-content-style":"default","site-sidebar-style":"default","ast-global-header-display":"","ast-banner-title-visibility":"","ast-main-header-display":"","ast-hfb-above-header-display":"","ast-hfb-below-header-display":"","ast-hfb-mobile-header-display":"","site-post-title":"disabled","ast-breadcrumbs-content":"","ast-featured-img":"disabled","footer-sml-layout":"","theme-transparent-header-meta":"default","adv-header-id-meta":"","stick-header-meta":"","header-above-stick-meta":"","header-main-stick-meta":"","header-below-stick-meta":"","astra-migrate-meta-layouts":"default","ast-page-background-enabled":"default","ast-page-background-meta":{"desktop":{"background-color":"","background-image":"","background-repeat":"repeat","background-position":"center center","background-size":"auto","background-attachment":"scroll","background-type":"","background-media":"","overlay-type":"","overlay-color":"","overlay-opacity":"","overlay-gradient":""},"tablet":{"background-color":"","background-image":"","background-repeat":"repeat","background-position":"center center","background-size":"auto","background-attachment":"scroll","background-type":"","background-media":"","overlay-type":"","overlay-color":"","overlay-opacity":"","overlay-gradient":""},"mobile":{"background-color":"","background-image":"","background-repeat":"repeat","background-position":"center center","background-size":"auto","background-attachment":"scroll","background-type":"","background-media":"","overlay-type":"","overlay-color":"","overlay-opacity":"","overlay-gradient":""}},"ast-content-background-meta":{"desktop":{"background-color":"var(--ast-global-color-5)","background-image":"","background-repeat":"repeat","background-position":"center center","background-size":"auto","background-attachment":"scroll","background-type":"","background-media":"","overlay-type":"","overlay-color":"","overlay-opacity":"","overlay-gradient":""},"tablet":{"background-color":"var(--ast-global-color-5)","background-image":"","background-repeat":"repeat","background-position":"center center","background-size":"auto","background-attachment":"scroll","background-type":"","background-media":"","overlay-type":"","overlay-color":"","overlay-opacity":"","overlay-gradient":""},"mobile":{"background-color":"var(--ast-global-color-5)","background-image":"","background-repeat":"repeat","background-position":"center center","background-size":"auto","background-attachment":"scroll","background-type":"","background-media":"","overlay-type":"","overlay-color":"","overlay-opacity":"","overlay-gradient":""}},"footnotes":""},"folder":[],"class_list":["post-1862","page","type-page","status-publish","hentry"],"_links":{"self":[{"href":"https:\/\/wobo.de\/index.php\/wp-json\/wp\/v2\/pages\/1862","targetHints":{"allow":["GET"]}}],"collection":[{"href":"https:\/\/wobo.de\/index.php\/wp-json\/wp\/v2\/pages"}],"about":[{"href":"https:\/\/wobo.de\/index.php\/wp-json\/wp\/v2\/types\/page"}],"author":[{"embeddable":true,"href":"https:\/\/wobo.de\/index.php\/wp-json\/wp\/v2\/users\/1"}],"replies":[{"embeddable":true,"href":"https:\/\/wobo.de\/index.php\/wp-json\/wp\/v2\/comments?post=1862"}],"version-history":[{"count":7,"href":"https:\/\/wobo.de\/index.php\/wp-json\/wp\/v2\/pages\/1862\/revisions"}],"predecessor-version":[{"id":1874,"href":"https:\/\/wobo.de\/index.php\/wp-json\/wp\/v2\/pages\/1862\/revisions\/1874"}],"wp:attachment":[{"href":"https:\/\/wobo.de\/index.php\/wp-json\/wp\/v2\/media?parent=1862"}],"wp:term":[{"taxonomy":"folder","embeddable":true,"href":"https:\/\/wobo.de\/index.php\/wp-json\/wp\/v2\/folder?post=1862"}],"curies":[{"name":"wp","href":"https:\/\/api.w.org\/{rel}","templated":true}]}}