{"id":1867,"date":"2022-12-01T13:57:38","date_gmt":"2022-12-01T13:57:38","guid":{"rendered":"https:\/\/dev.wobo.de\/?page_id=1867"},"modified":"2022-12-01T14:01:07","modified_gmt":"2022-12-01T14:01:07","slug":"artikel-vdz-ist-eine-sache-erst-dann-strafrechtlich-relevant-beschaedigt-wenn-sie-kaputt-ist","status":"publish","type":"page","link":"https:\/\/wobo.de\/index.php\/artikel-vdz-ist-eine-sache-erst-dann-strafrechtlich-relevant-beschaedigt-wenn-sie-kaputt-ist\/","title":{"rendered":"Artikel-VDZ-Ist eine Sache erst dann strafrechtlich-relevant \u201ebesch\u00e4digt\u201c, wenn sie \u201ekaputt\u201c ist?"},"content":{"rendered":"\t\t<div data-elementor-type=\"wp-post\" data-elementor-id=\"1867\" class=\"elementor elementor-1867\" data-elementor-post-type=\"page\">\n\t\t\t\t\t\t<section class=\"elementor-section elementor-top-section elementor-element elementor-element-5b92515 elementor-section-boxed elementor-section-height-default elementor-section-height-default\" data-id=\"5b92515\" data-element_type=\"section\">\n\t\t\t\t\t\t<div class=\"elementor-container elementor-column-gap-default\">\n\t\t\t\t\t<div class=\"elementor-column elementor-col-100 elementor-top-column elementor-element elementor-element-39aadba\" data-id=\"39aadba\" data-element_type=\"column\">\n\t\t\t<div class=\"elementor-widget-wrap elementor-element-populated\">\n\t\t\t\t\t\t<div class=\"elementor-element elementor-element-09a665f elementor-widget elementor-widget-heading\" data-id=\"09a665f\" data-element_type=\"widget\" data-widget_type=\"heading.default\">\n\t\t\t\t<div class=\"elementor-widget-container\">\n\t\t\t\t\t<h6 class=\"elementor-heading-title elementor-size-default\">Wolfgang Bosbach<\/h6>\t\t\t\t<\/div>\n\t\t\t\t<\/div>\n\t\t\t\t<div class=\"elementor-element elementor-element-6485945 elementor-widget elementor-widget-heading\" data-id=\"6485945\" data-element_type=\"widget\" data-widget_type=\"heading.default\">\n\t\t\t\t<div class=\"elementor-widget-container\">\n\t\t\t\t\t<h2 class=\"elementor-heading-title elementor-size-default\">Ist eine Sache erst dann strafrechtlich-relevant \u201ebesch\u00e4digt\u201c, wenn sie \u201ekaputt\u201c ist?<\/h2>\t\t\t\t<\/div>\n\t\t\t\t<\/div>\n\t\t\t\t<div class=\"elementor-element elementor-element-22b8541 elementor-widget elementor-widget-heading\" data-id=\"22b8541\" data-element_type=\"widget\" data-widget_type=\"heading.default\">\n\t\t\t\t<div class=\"elementor-widget-container\">\n\t\t\t\t\t<h6 class=\"elementor-heading-title elementor-size-default\">Auch hier sagt der Jurist: \u201eDas kommt ganz darauf an!\u201c Aber worauf kommt es denn an?<\/h6>\t\t\t\t<\/div>\n\t\t\t\t<\/div>\n\t\t\t\t<div class=\"elementor-element elementor-element-8d42864 elementor-widget elementor-widget-heading\" data-id=\"8d42864\" data-element_type=\"widget\" data-widget_type=\"heading.default\">\n\t\t\t\t<div class=\"elementor-widget-container\">\n\t\t\t\t\t<h6 class=\"elementor-heading-title elementor-size-default\">Anno 2022 fehlt es den sogenannten Klimaaktivisten weder an Kreativit\u00e4t in den Aktionsformen, noch an Hemmungen, sich an \u00f6ffentlichem und\/oder privatem Eigentum zu vergreifen.<\/h6>\t\t\t\t<\/div>\n\t\t\t\t<\/div>\n\t\t\t\t<div class=\"elementor-element elementor-element-12f9ade elementor-widget elementor-widget-heading\" data-id=\"12f9ade\" data-element_type=\"widget\" data-widget_type=\"heading.default\">\n\t\t\t\t<div class=\"elementor-widget-container\">\n\t\t\t\t\t<h6 class=\"elementor-heading-title elementor-size-default\"><a href=\"https:\/\/www.vdz.org\/oeffentliche-sicherheit\/ist-eine-sache-erst-dann-strafrechtlich-relevant-beschaedigt-wenn-sie\" target=\"_blank\">Vom 28.11.2022. <br \/>\nGeschrieben von Wolfgang Bosbach - auf vdz.org <br \/>\nHier gelangen Sie zur Seite des Originalartikels<\/a><\/h6>\t\t\t\t<\/div>\n\t\t\t\t<\/div>\n\t\t\t\t<div class=\"elementor-element elementor-element-1674f90 elementor-widget elementor-widget-text-editor\" data-id=\"1674f90\" data-element_type=\"widget\" data-widget_type=\"text-editor.default\">\n\t\t\t\t<div class=\"elementor-widget-container\">\n\t\t\t\t\t\t\t\t\t<p>Mal klebt man sich an Hauptverkehrsstra\u00dfen fest, ja sogar an Autobahnen, um k\u00fcnstlich kilometerlange Staus zu verursachen (wobei bislang noch nicht richtig zu erkennen ist, wieso man damit dem gebeutelten Klima einen Dienst erweisen k\u00f6nnte), mal kettet man sich in einem Berliner Museum an der Absperrung zu einem Dino-Skelett an, mal l\u00e4sst man ganz gezielt an SUVs die Luft aus den Reifen (oder greift direkt zum Messer und macht den Reifen endg\u00fcltig den Garaus), mal \u00fcbersch\u00fcttet man ein Standbild mit Farbe und ein andermal sch\u00fcttet man irgendwelche Suppen oder gew\u00f6hnliche Farben auf weltber\u00fchmte Gem\u00e4lde. Ganz wichtig: Es m\u00fcssen zeitgleich unbedingt viele Kameras an den verschiedenen Tatorten im Einsatz sein, damit diese \u201emutigen\u201c Taten der interessierten, \u00fcberwiegend jedoch genervten\u00a0\u00d6ffentlichkeit auch pr\u00e4sentiert werden k\u00f6nnen.<\/p><h4><strong>Hinter Glas<\/strong><\/h4><p>Wenn aber Vermeers ber\u00fchmtes Gem\u00e4lde \u201eDas M\u00e4dchen mit dem Perlenohrgeh\u00e4nge\u201c durch den Zusatz \u201e\u2026und einer unbekannten Substanz\u201c umgetauft werden m\u00fcsste, ist dadurch gleichzeitig der Straftatbestand des \u00a7 303 StGB (Sachbesch\u00e4digung) erf\u00fcllt? Wenn das Gem\u00e4lde unmittelbar betroffen, weil in seiner Substanz angegriffen, d.h. verletzt wurde, dann ganz zweifellos. Die aktuellen F\u00e4lle liegen aber etwas anders und sind daher auch juristisch kniffliger.<\/p><p>Dass\u00a0eine Sache im Rechtssinne, also ein k\u00f6rperlicher Gegenstand, attackiert wurde, ist klar. Diese Sache ist auch \u201efremd\u201c im Sinne der zitierten Vorschrift \u2013 allerdings befand sich das Gem\u00e4lde hinter Sicherheitsglas. Die unbekannte Substanz prallte also nicht unmittelbar auf das Gem\u00e4lde selber, sondern auf die Schutzvorrichtung.<\/p><p>Auch nicht leicht zu beantworten, denn daf\u00fcr m\u00fcsste eine \u201enicht unerhebliche Verletzung der Substanz\u201c des Glases vorliegen, wodurch die \u201eBrauchbarkeit der Sache zu ihrem Zweck beeintr\u00e4chtigt wird\u201c. Demgegen\u00fcber soll \u201e\u00e4u\u00dferes Verunstalten ohne Verletzung der Sachsubstanz\u201c f\u00fcr strafrechtliche Folgen nicht gen\u00fcgen (zivilrechtliche Anspr\u00fcche wegen etwaiger Reinigungskosten k\u00f6nnen hier einmal au\u00dfen vor bleiben). Erst recht dann, wenn Suppe, Brei oder Farbe ohne viel Aufwand abgewaschen werden k\u00f6nnen. Anders liegt der Fall allerdings dann, wenn sich die fl\u00fcssige Substanz derart mit dem Glas verbindet, dass die Entfernung der Farbe nur mit Eingriff in die Substanz des Glases r\u00fcckstandslos erfolgen kann.<\/p><h4><strong>Wenn die Bestimmung (tempor\u00e4r) vereitelt ist<\/strong><\/h4><p>Aber keine Regel ohne Ausnahme: Wenn das Kameraauge einer Verkehrs\u00fcberwachungsanlage mit Senf beschmiert wurde, kennt das Strafrecht 0 Pardon, schlie\u00dflich konnte ja die Kamera ihren Zweck zumindest vor\u00fcbergehend nicht erf\u00fcllen.<\/p><p>Riskanter ist auch das Luftrauslassen an Autoreifen, wobei weder der Kfz-Typ, noch die Marke oder der Verwendungszweck ma\u00dfgeblich ist \u2013 entscheidend ist alleine die Vereitelung der bestimmungsgem\u00e4\u00dfen Brauchbarkeit des Kraftfahrzeuges, denn ohne Luft in den Reifen kann das Auto nun mal nicht fahren. Jedenfalls nicht bestimmungsgem\u00e4\u00df. Es geht also nicht darum, dass die Luft der Reifen \u201egestohlen\u201c wurde, es geht vielmehr um die Nutzungsvereitelung.<\/p><p>Aber nicht alles ist schwierig oder strittig. Fest steht: Das Verbringen von normalen, d.h. nicht genmanipulierten Kartoffeln auf 1,25 % einer genehmigten Freisetzungsfl\u00e4che ist keine\u00a0Sachbesch\u00e4digung gem\u00e4\u00df \u00a7 303 StGB. Gut, dass wenigstens das gekl\u00e4rt ist.<\/p>\t\t\t\t\t\t\t\t<\/div>\n\t\t\t\t<\/div>\n\t\t\t\t\t<\/div>\n\t\t<\/div>\n\t\t\t\t\t<\/div>\n\t\t<\/section>\n\t\t\t\t<\/div>\n\t\t","protected":false},"excerpt":{"rendered":"<p>Wolfgang Bosbach Ist eine Sache erst dann strafrechtlich-relevant \u201ebesch\u00e4digt\u201c, wenn sie \u201ekaputt\u201c ist? Auch hier sagt der Jurist: \u201eDas kommt ganz darauf an!\u201c Aber worauf kommt es denn an? Anno 2022 fehlt es den sogenannten Klimaaktivisten weder an Kreativit\u00e4t in den Aktionsformen, noch an Hemmungen, sich an \u00f6ffentlichem und\/oder privatem Eigentum zu vergreifen. Vom 28.11.2022. [&hellip;]<\/p>\n","protected":false},"author":1,"featured_media":0,"parent":0,"menu_order":0,"comment_status":"closed","ping_status":"closed","template":"","meta":{"passster_activate_protection":false,"passster_protect_child_pages":"","passster_protection_type":"password","passster_password":"","passster_activate_overwrite_defaults":"","passster_headline":"","passster_instruction":"","passster_placeholder":"","passster_button":"","passster_id":"","passster_activate_misc_settings":"","passster_redirect_url":"","passster_hide":"no","passster_area_shortcode":"","site-sidebar-layout":"no-sidebar","site-content-layout":"page-builder","ast-site-content-layout":"default","site-content-style":"default","site-sidebar-style":"default","ast-global-header-display":"","ast-banner-title-visibility":"","ast-main-header-display":"","ast-hfb-above-header-display":"","ast-hfb-below-header-display":"","ast-hfb-mobile-header-display":"","site-post-title":"disabled","ast-breadcrumbs-content":"","ast-featured-img":"disabled","footer-sml-layout":"","theme-transparent-header-meta":"default","adv-header-id-meta":"","stick-header-meta":"","header-above-stick-meta":"","header-main-stick-meta":"","header-below-stick-meta":"","astra-migrate-meta-layouts":"default","ast-page-background-enabled":"default","ast-page-background-meta":{"desktop":{"background-color":"","background-image":"","background-repeat":"repeat","background-position":"center center","background-size":"auto","background-attachment":"scroll","background-type":"","background-media":"","overlay-type":"","overlay-color":"","overlay-opacity":"","overlay-gradient":""},"tablet":{"background-color":"","background-image":"","background-repeat":"repeat","background-position":"center center","background-size":"auto","background-attachment":"scroll","background-type":"","background-media":"","overlay-type":"","overlay-color":"","overlay-opacity":"","overlay-gradient":""},"mobile":{"background-color":"","background-image":"","background-repeat":"repeat","background-position":"center center","background-size":"auto","background-attachment":"scroll","background-type":"","background-media":"","overlay-type":"","overlay-color":"","overlay-opacity":"","overlay-gradient":""}},"ast-content-background-meta":{"desktop":{"background-color":"var(--ast-global-color-5)","background-image":"","background-repeat":"repeat","background-position":"center center","background-size":"auto","background-attachment":"scroll","background-type":"","background-media":"","overlay-type":"","overlay-color":"","overlay-opacity":"","overlay-gradient":""},"tablet":{"background-color":"var(--ast-global-color-5)","background-image":"","background-repeat":"repeat","background-position":"center center","background-size":"auto","background-attachment":"scroll","background-type":"","background-media":"","overlay-type":"","overlay-color":"","overlay-opacity":"","overlay-gradient":""},"mobile":{"background-color":"var(--ast-global-color-5)","background-image":"","background-repeat":"repeat","background-position":"center center","background-size":"auto","background-attachment":"scroll","background-type":"","background-media":"","overlay-type":"","overlay-color":"","overlay-opacity":"","overlay-gradient":""}},"footnotes":""},"folder":[],"class_list":["post-1867","page","type-page","status-publish","hentry"],"_links":{"self":[{"href":"https:\/\/wobo.de\/index.php\/wp-json\/wp\/v2\/pages\/1867","targetHints":{"allow":["GET"]}}],"collection":[{"href":"https:\/\/wobo.de\/index.php\/wp-json\/wp\/v2\/pages"}],"about":[{"href":"https:\/\/wobo.de\/index.php\/wp-json\/wp\/v2\/types\/page"}],"author":[{"embeddable":true,"href":"https:\/\/wobo.de\/index.php\/wp-json\/wp\/v2\/users\/1"}],"replies":[{"embeddable":true,"href":"https:\/\/wobo.de\/index.php\/wp-json\/wp\/v2\/comments?post=1867"}],"version-history":[{"count":7,"href":"https:\/\/wobo.de\/index.php\/wp-json\/wp\/v2\/pages\/1867\/revisions"}],"predecessor-version":[{"id":1877,"href":"https:\/\/wobo.de\/index.php\/wp-json\/wp\/v2\/pages\/1867\/revisions\/1877"}],"wp:attachment":[{"href":"https:\/\/wobo.de\/index.php\/wp-json\/wp\/v2\/media?parent=1867"}],"wp:term":[{"taxonomy":"folder","embeddable":true,"href":"https:\/\/wobo.de\/index.php\/wp-json\/wp\/v2\/folder?post=1867"}],"curies":[{"name":"wp","href":"https:\/\/api.w.org\/{rel}","templated":true}]}}